{"id":465,"date":"2019-11-18T15:27:41","date_gmt":"2019-11-18T14:27:41","guid":{"rendered":"http:\/\/physio.de.korti.me\/?page_id=465"},"modified":"2025-04-16T21:33:00","modified_gmt":"2025-04-16T19:33:00","slug":"unsere-ziele","status":"publish","type":"page","link":"https:\/\/www.buergerliste-linsengericht.de\/index.php\/unsere-ziele\/","title":{"rendered":"Unsere Ziele"},"content":{"rendered":"<p>[et_pb_section fb_built=&#8220;1&#8243; fullwidth=&#8220;on&#8220; _builder_version=&#8220;4.16&#8243; _module_preset=&#8220;default&#8220; global_colors_info=&#8220;{}&#8220;][et_pb_fullwidth_image src=&#8220;https:\/\/www.buergerliste-linsengericht.de\/wp-content\/uploads\/2021\/09\/Vorstand-fuer-Homepage-geschnitten-scaled.jpg&#8220; title_text=&#8220;Vorstand f\u00fcr Homepage geschnitten&#8220; _builder_version=&#8220;4.16&#8243; _module_preset=&#8220;default&#8220; global_colors_info=&#8220;{}&#8220;][\/et_pb_fullwidth_image][\/et_pb_section][et_pb_section fb_built=&#8220;1&#8243; fullwidth=&#8220;on&#8220; _builder_version=&#8220;4.16&#8243; min_height=&#8220;132px&#8220; custom_margin=&#8220;-36px|||||&#8220; custom_padding=&#8220;23px|||||&#8220; global_colors_info=&#8220;{}&#8220;][et_pb_fullwidth_header header_scroll_down=&#8220;on&#8220; _builder_version=&#8220;4.16&#8243; min_height=&#8220;136px&#8220; custom_margin=&#8220;-23px||||false|false&#8220; custom_padding=&#8220;0px||31px|||&#8220; global_colors_info=&#8220;{}&#8220;]<\/p>\n<h2><strong>UNSERE ZIELE &#8211; B\u00dcRGERLISTE \/ FREIE W\u00c4HLERGEMEINSCHAFT LINSENGERICHT<\/strong><\/h2>\n<p>[\/et_pb_fullwidth_header][\/et_pb_section][et_pb_section fb_built=&#8220;1&#8243; admin_label=&#8220;About Section&#8220; _builder_version=&#8220;4.16&#8243; background_color=&#8220;#ffffff&#8220; custom_padding=&#8220;8px|0px|8px|2px|true|false&#8220; global_colors_info=&#8220;{}&#8220;][et_pb_row column_structure=&#8220;3_4,1_4&#8243; _builder_version=&#8220;4.16&#8243; custom_margin=&#8220;15px||||false|false&#8220; global_colors_info=&#8220;{}&#8220;][et_pb_column type=&#8220;3_4&#8243; _builder_version=&#8220;4.16&#8243; custom_padding=&#8220;|||&#8220; global_colors_info=&#8220;{}&#8220; custom_padding__hover=&#8220;|||&#8220;][et_pb_text _builder_version=&#8220;4.16&#8243; text_font=&#8220;||||||||&#8220; link_font=&#8220;||||||||&#8220; ul_font=&#8220;||||||||&#8220; ol_font=&#8220;||||||||&#8220; quote_font=&#8220;||||||||&#8220; header_font=&#8220;||||||||&#8220; header_2_font=&#8220;||||||||&#8220; header_3_font=&#8220;Oswald|||on|||||&#8220; header_3_font_size=&#8220;20px&#8220; header_3_letter_spacing=&#8220;3px&#8220; header_3_line_height=&#8220;1.5em&#8220; header_4_font=&#8220;||||||||&#8220; max_width=&#8220;1000px&#8220; text_line_height_last_edited=&#8220;off|desktop&#8220; global_colors_info=&#8220;{}&#8220;]<\/p>\n<h3>Ohne Parteienbindung<\/h3>\n<p>Die Freien W\u00e4hlergemeinschaften leisten \u00fcberparteiliche, von parteipolitischen und weltanschaulichen Ideologien freie und sachbezogene Arbeit. Sie f\u00fchlen sich nur den B\u00fcrgerinnen und B\u00fcrgern verpflichtet. In der B\u00fcrgerliste Linsengericht (BGL) leisten seit 1948 parteipolitisch unabh\u00e4ngige, nicht weisungsgebunde und anerkannte Personen hervorragende kommunalpolitische Arbeit. Die Kommunalpolitik in unserer Gemeinde wurde bis heute in ma\u00dfgeblicher Weise durch die B\u00fcrgerliste Linsengericht mit gepr\u00e4gt.<\/p>\n<h3>Sachorientiert und b\u00fcrgerverbunden<\/h3>\n<p>Die B\u00fcrgerliste Linsengericht orientiert ihre Kommunalpolitik an den \u00f6rtlichen Gegebenheiten und den finanziellen M\u00f6glichkeiten. Das Gespr\u00e4ch mit den B\u00fcrgern ist die Grundlage f\u00fcr das Wirken der B\u00fcrgerliste. Jeder parteiungebundene B\u00fcrger kann in ihr zum Wohle der Gemeinde Linsengericht mitarbeiten. Die B\u00fcrgerliste Linsengericht ist keine &#8222;egoistische Interessengemeinschaft&#8220;. Die Informationen der B\u00fcrgerliste sind offen und ehrlich. Sie werden nicht von \u00fcbergeordneten Parteiinteressen oder momentaner Wahltaktik verf\u00e4lscht.<\/p>\n<h3>Zielstrebig und sparsam<\/h3>\n<p>Die b\u00fcrgernahe, rationelle und m\u00f6glichst sparsame Verwaltung ist f\u00fcr die B\u00fcrgerliste Linsengericht eine Grundsatzforderung. Sie setzt auf langfristiges und sparsames Wirtschaften &#8211; wie jeder Privathaushalt. Zielstrebig k\u00f6nnen auf diese Weise gr\u00f6\u00dfere Projekte verwirklicht werden, ohne die Gemeinde ma\u00dflos zu verschulden.<\/p>\n<h3>Die Freien W\u00e4hlergemeinschaften sind heute wichtiger denn je !!!<\/h3>\n<p>Nach der starken Polarisierung auf die gro\u00dfen Parteien in den 70er und 80er Jahren gelang den Freien W\u00e4hlergemeinschaften in den nachfolgenden Jahren eine st\u00e4rkere Mitwirkung in den kommunalpolitischen Gremien. Obwohl es nach 1945 die parteiungebundenen W\u00e4hlergemeinschaften waren, die in den Gemeinden den Staat von unten her aufbauten, verhinderten die gro\u00dfen Parteien unsere Anerkennung als kommunalpolitische Kraft. Dem allgemeinen Trend folgend, wurden die Freien W\u00e4hlergemeinschaften nun auch in Hessen offiziell als kommunalpolitische Institution anerkannt.<\/p>\n<p>[\/et_pb_text][\/et_pb_column][et_pb_column type=&#8220;1_4&#8243; _builder_version=&#8220;4.16&#8243; custom_padding=&#8220;|||&#8220; global_colors_info=&#8220;{}&#8220; custom_padding__hover=&#8220;|||&#8220;][et_pb_text _builder_version=&#8220;4.16&#8243; global_colors_info=&#8220;{}&#8220;]<\/p>\n<h2>Unser Vorstand<\/h2>\n<p>[\/et_pb_text][et_pb_text _builder_version=&#8220;4.16&#8243; global_colors_info=&#8220;{}&#8220;]<\/p>\n<div class=\"et_pb_module et_pb_text et_pb_text_2 et_pb_bg_layout_light  et_pb_text_align_left\">\n<div class=\"et_pb_text_inner\">\n<p><b>1. Vorsitzender<br \/><\/b>Ruben Hundhausen<\/p>\n<p><strong>2. Vorsitzender<\/strong><br \/>Dirk Seybold<\/p>\n<p><strong>Kassierer<br \/><\/strong>Klaus Balzer<\/p>\n<p><strong>stellv. Kassierer<\/strong><br \/>Wilfried Straub<\/p>\n<p><strong>Schriftf\u00fchrer<\/strong><br \/>Prof. Dr. Matthias Rohde<\/p>\n<p><strong>Pressewart + stellv. Schriftf\u00fchrer<\/strong><br \/>Sebastian Dein<\/p>\n<p><strong>Beisitzer<\/strong><br \/>N.N. \u2013 OT Altenhasslau<\/p>\n<p><strong>Beisitzer<\/strong><br \/>J\u00fcrgen R\u00f6scher \u2013 OT Eidenges\u00e4\u00df<\/p>\n<p><strong>Beisitzerin<\/strong><br \/>Anette Braun \u2013 OT Geislitz<\/p>\n<p><strong>Beisitzer<br \/><\/strong>Heinz Breitenbach \u2013 OT Gro\u00dfenhausen<\/p>\n<p><strong>Beisitzer<\/strong><br \/>Stephanie Knopp \u2013 OT L\u00fctzelhausen<\/p>\n<\/div>\n<\/div>\n<p>[\/et_pb_text][\/et_pb_column][\/et_pb_row][\/et_pb_section][et_pb_section fb_built=&#8220;1&#8243; fullwidth=&#8220;on&#8220; _builder_version=&#8220;4.16&#8243; background_image=&#8220;https:\/\/www.buergerliste-linsengericht.de\/wp-content\/uploads\/2020\/01\/RathausLinsengericht_1200_360.jpg&#8220; height=&#8220;229px&#8220; top_divider_style=&#8220;arrow&#8220; top_divider_color=&#8220;#ffffff&#8220; top_divider_height=&#8220;35px&#8220; bottom_divider_color=&#8220;#ffffff&#8220; bottom_divider_height=&#8220;38px&#8220; global_colors_info=&#8220;{}&#8220;][\/et_pb_section]<\/p>\n","protected":false},"excerpt":{"rendered":"<p>UNSERE ZIELE &#8211; B\u00dcRGERLISTE \/ FREIE W\u00c4HLERGEMEINSCHAFT LINSENGERICHTOhne Parteienbindung Die Freien W\u00e4hlergemeinschaften leisten \u00fcberparteiliche, von parteipolitischen und weltanschaulichen Ideologien freie und sachbezogene Arbeit. Sie f\u00fchlen sich nur den B\u00fcrgerinnen und B\u00fcrgern verpflichtet. In der B\u00fcrgerliste Linsengericht (BGL) leisten seit 1948 parteipolitisch unabh\u00e4ngige, nicht weisungsgebunde und anerkannte Personen hervorragende kommunalpolitische Arbeit. Die Kommunalpolitik in unserer Gemeinde [&hellip;]<\/p>\n","protected":false},"author":1,"featured_media":0,"parent":0,"menu_order":0,"comment_status":"closed","ping_status":"closed","template":"","meta":{"_et_pb_use_builder":"on","_et_pb_old_content":"","_et_gb_content_width":"","footnotes":""},"class_list":["post-465","page","type-page","status-publish","hentry"],"_links":{"self":[{"href":"https:\/\/www.buergerliste-linsengericht.de\/index.php\/wp-json\/wp\/v2\/pages\/465","targetHints":{"allow":["GET"]}}],"collection":[{"href":"https:\/\/www.buergerliste-linsengericht.de\/index.php\/wp-json\/wp\/v2\/pages"}],"about":[{"href":"https:\/\/www.buergerliste-linsengericht.de\/index.php\/wp-json\/wp\/v2\/types\/page"}],"author":[{"embeddable":true,"href":"https:\/\/www.buergerliste-linsengericht.de\/index.php\/wp-json\/wp\/v2\/users\/1"}],"replies":[{"embeddable":true,"href":"https:\/\/www.buergerliste-linsengericht.de\/index.php\/wp-json\/wp\/v2\/comments?post=465"}],"version-history":[{"count":13,"href":"https:\/\/www.buergerliste-linsengericht.de\/index.php\/wp-json\/wp\/v2\/pages\/465\/revisions"}],"predecessor-version":[{"id":1877,"href":"https:\/\/www.buergerliste-linsengericht.de\/index.php\/wp-json\/wp\/v2\/pages\/465\/revisions\/1877"}],"wp:attachment":[{"href":"https:\/\/www.buergerliste-linsengericht.de\/index.php\/wp-json\/wp\/v2\/media?parent=465"}],"curies":[{"name":"wp","href":"https:\/\/api.w.org\/{rel}","templated":true}]}}